{"id":11532,"date":"2023-08-03T23:06:19","date_gmt":"2023-08-03T21:06:19","guid":{"rendered":"https:\/\/eurochoc.es\/declaracion-de-accesibilidad\/"},"modified":"2023-08-31T12:56:35","modified_gmt":"2023-08-31T10:56:35","slug":"declaracion-de-accesibilidad","status":"publish","type":"page","link":"https:\/\/eurochoc.es\/en\/declaracion-de-accesibilidad\/","title":{"rendered":"Accessibility statement"},"content":{"rendered":"<p>Eurochoc SL. undertakes to make its website accessible in accordance with Royal Decree 1112\/2018 on accessibility of public sector websites and applications for mobile devices.<\/p>\n<p>This accessibility statement applies to the eurochoc.es website.<\/p>\n<p>COMPLIANCE STATUS<br \/>\nThis website is partially compliant with RD 1112\/2018 due to the non-compliance of the aspects listed below.<\/p>\n<p>Content not accessible<br \/>\nThe content listed below is not accessible due to the following:<\/p>\n<p>Lack of conformity with RD 1112\/2018.<br \/>\nThere could be editing errors on the website.<\/p>\n<p>Disproportionate burden<br \/>\nNot applicable.<br \/>\nThe content does not fall within the scope of the applicable legislation.<br \/>\nThis statement was prepared on 3 August 2023.<\/p>\n<p>The method used to prepare the statement was a self-assessment carried out by the accessibility team.<\/p>\n<p>Last revision of the statement: 3 August 2023.<\/p>\n<p>Comments and contact details<br \/>\nYou can make communications about accessibility requirements (article 10.2.a) of RD 1112\/2018) such as:<\/p>\n<p>Report any possible non-compliance by this website.<br \/>\nTransmit other difficulties in accessing the content.<br \/>\nFormulate any other query or suggestion for improvement relating to the accessibility of the website.<br \/>\nThrough our suggestion box info@eurochoc.es, or in person at our headquarters:<br \/>\nC\/ Encofradores, parcela 1.<br \/>\nEl Mugr\u00f3n Industrial Estate<br \/>\n3rd Phase. Almansa \/ Albacete<br \/>\n(02640) Spain<\/p>\n<p>Communications will be received and processed by the Accessibility team.<\/p>\n<p>La presente declaraci\u00f3n de accesibilidad se aplica al sitio web eurochoc.es.<\/p>\n<p>SITUACI\u00d3N DE CUMPLIMIENTO<br \/>\nEste sitio web es parcialmente conforme con el RD 1112\/2018 debido a la falta de conformidad de los aspectos que se indican a continuaci\u00f3n.<\/p>\n<p>Contenido no accesible<br \/>\nEl contenido que se recoge a continuaci\u00f3n no es accesible por lo siguiente:<\/p>\n<p>Falta de conformidad con el RD 1112\/2018<br \/>\nPodr\u00edan existir fallos de edici\u00f3n en la p\u00e1gina web.<\/p>\n<p>Carga desproporcionada<br \/>\nNo aplica.<br \/>\nEl contenido no entra dentro del \u00e1mbito de la legislaci\u00f3n aplicable.<br \/>\nLa presente declaraci\u00f3n fue preparada el 3 de agosto de 2023.<\/p>\n<p>El m\u00e9todo empleado para preparar la declaraci\u00f3n ha sido una autoevaluaci\u00f3n llevada a cabo por el equipo de accesibilidad.<\/p>\n<p>\u00daltima revisi\u00f3n de la declaraci\u00f3n: 3 de agosto de 2023.<\/p>\n<p>Observaciones y datos de contacto<br \/>\nPuede realizar comunicaciones sobre requisitos de accesibilidad (art\u00edculo 10.2.a) del RD 1112\/2018) como por ejemplo:<\/p>\n<p>Informar sobre cualquier posible incumplimiento por parte de este sitio web.<br \/>\nTransmitir otras dificultades de acceso al contenido.<br \/>\nFormular cualquier otra consulta o sugerencia de mejora relativa a la accesibilidad del sitio web.<br \/>\nA trav\u00e9s de nuestro buz\u00f3n de sugerencias info@eurochoc.es, o de manera presencial en nuestra sede:<br \/>\nC\/ Encofradores, parcela 1.<br \/>\nPol\u00edgono Industrial El Mugr\u00f3n<br \/>\n3\u00aa Fase. Almansa \/ Albacete<br \/>\n(02640) Espa\u00f1a<\/p>\n<p>Las comunicaciones ser\u00e1n recibidas y tratadas por el equipo de Accesibilidad.<\/p>\n","protected":false},"excerpt":{"rendered":"<p>Eurochoc SL. undertakes to make its website accessible in accordance with Royal Decree 1112\/2018 on accessibility of public sector websites and applications for mobile devices. This accessibility statement applies to the eurochoc.es website. COMPLIANCE STATUS This website is partially compliant with RD 1112\/2018 due to the non-compliance of the aspects listed below. Content not accessible [&#8230;]<\/p>\n<p><a class=\"btn btn-secondary understrap-read-more-link\" href=\"https:\/\/eurochoc.es\/en\/declaracion-de-accesibilidad\/\">Read More&#8230;<span class=\"screen-reader-text\"> from Accessibility statement<\/span><\/a><\/p>\n","protected":false},"author":1,"featured_media":0,"parent":0,"menu_order":0,"comment_status":"closed","ping_status":"closed","template":"","meta":{"_acf_changed":false,"footnotes":""},"class_list":["post-11532","page","type-page","status-publish","hentry"],"acf":[],"yoast_head":"<!-- This site is optimized with the Yoast SEO plugin v24.5 - https:\/\/yoast.com\/wordpress\/plugins\/seo\/ -->\n<title>Accessibility statement - Bombones Eurochoc<\/title>\n<meta name=\"robots\" content=\"index, follow, max-snippet:-1, max-image-preview:large, max-video-preview:-1\" \/>\n<link rel=\"canonical\" href=\"https:\/\/eurochoc.es\/en\/declaracion-de-accesibilidad\/\" \/>\n<meta property=\"og:locale\" content=\"en_US\" \/>\n<meta property=\"og:type\" content=\"article\" \/>\n<meta property=\"og:title\" content=\"Accessibility statement - Bombones Eurochoc\" \/>\n<meta property=\"og:description\" content=\"Eurochoc SL. undertakes to make its website accessible in accordance with Royal Decree 1112\/2018 on accessibility of public sector websites and applications for mobile devices. This accessibility statement applies to the eurochoc.es website. COMPLIANCE STATUS This website is partially compliant with RD 1112\/2018 due to the non-compliance of the aspects listed below. Content not accessible [...]Read More... from Accessibility statement\" \/>\n<meta property=\"og:url\" content=\"https:\/\/eurochoc.es\/en\/declaracion-de-accesibilidad\/\" \/>\n<meta property=\"og:site_name\" content=\"Bombones Eurochoc\" \/>\n<meta property=\"article:publisher\" content=\"https:\/\/www.facebook.com\/EurochocBombones\" \/>\n<meta property=\"article:modified_time\" content=\"2023-08-31T10:56:35+00:00\" \/>\n<meta property=\"og:image\" content=\"https:\/\/eurochoc.es\/wp-content\/uploads\/2023\/08\/eurochoc.jpg\" \/>\n\t<meta property=\"og:image:width\" content=\"1200\" \/>\n\t<meta property=\"og:image:height\" content=\"675\" \/>\n\t<meta property=\"og:image:type\" content=\"image\/jpeg\" \/>\n<meta name=\"twitter:card\" content=\"summary_large_image\" \/>\n<meta name=\"twitter:label1\" content=\"Est. reading time\" \/>\n\t<meta name=\"twitter:data1\" content=\"2 minutes\" \/>\n<script type=\"application\/ld+json\" class=\"yoast-schema-graph\">{\"@context\":\"https:\/\/schema.org\",\"@graph\":[{\"@type\":\"WebPage\",\"@id\":\"https:\/\/eurochoc.es\/en\/declaracion-de-accesibilidad\/\",\"url\":\"https:\/\/eurochoc.es\/en\/declaracion-de-accesibilidad\/\",\"name\":\"Accessibility statement - Bombones Eurochoc\",\"isPartOf\":{\"@id\":\"https:\/\/eurochoc.es\/en\/#website\"},\"datePublished\":\"2023-08-03T21:06:19+00:00\",\"dateModified\":\"2023-08-31T10:56:35+00:00\",\"breadcrumb\":{\"@id\":\"https:\/\/eurochoc.es\/en\/declaracion-de-accesibilidad\/#breadcrumb\"},\"inLanguage\":\"en-US\",\"potentialAction\":[{\"@type\":\"ReadAction\",\"target\":[\"https:\/\/eurochoc.es\/en\/declaracion-de-accesibilidad\/\"]}]},{\"@type\":\"BreadcrumbList\",\"@id\":\"https:\/\/eurochoc.es\/en\/declaracion-de-accesibilidad\/#breadcrumb\",\"itemListElement\":[{\"@type\":\"ListItem\",\"position\":1,\"name\":\"Portada\",\"item\":\"https:\/\/eurochoc.es\/en\/inicio\/\"},{\"@type\":\"ListItem\",\"position\":2,\"name\":\"Accessibility statement\"}]},{\"@type\":\"WebSite\",\"@id\":\"https:\/\/eurochoc.es\/en\/#website\",\"url\":\"https:\/\/eurochoc.es\/en\/\",\"name\":\"Bombones Eurochoc\",\"description\":\"Fabricaci\u00f3n de bombones con chocolate belga\",\"publisher\":{\"@id\":\"https:\/\/eurochoc.es\/en\/#organization\"},\"alternateName\":\"Eurochoc\",\"potentialAction\":[{\"@type\":\"SearchAction\",\"target\":{\"@type\":\"EntryPoint\",\"urlTemplate\":\"https:\/\/eurochoc.es\/en\/?s={search_term_string}\"},\"query-input\":{\"@type\":\"PropertyValueSpecification\",\"valueRequired\":true,\"valueName\":\"search_term_string\"}}],\"inLanguage\":\"en-US\"},{\"@type\":\"Organization\",\"@id\":\"https:\/\/eurochoc.es\/en\/#organization\",\"name\":\"Eurochoc SL\",\"alternateName\":\"Eurochoc\",\"url\":\"https:\/\/eurochoc.es\/en\/\",\"logo\":{\"@type\":\"ImageObject\",\"inLanguage\":\"en-US\",\"@id\":\"https:\/\/eurochoc.es\/en\/#\/schema\/logo\/image\/\",\"url\":\"https:\/\/eurochoc.es\/wp-content\/uploads\/2023\/07\/logo-eurochoc.png\",\"contentUrl\":\"https:\/\/eurochoc.es\/wp-content\/uploads\/2023\/07\/logo-eurochoc.png\",\"width\":107,\"height\":48,\"caption\":\"Eurochoc SL\"},\"image\":{\"@id\":\"https:\/\/eurochoc.es\/en\/#\/schema\/logo\/image\/\"},\"sameAs\":[\"https:\/\/www.facebook.com\/EurochocBombones\",\"https:\/\/www.instagram.com\/eurochoc_choco\/\"]}]}<\/script>\n<!-- \/ Yoast SEO plugin. -->","yoast_head_json":{"title":"Accessibility statement - Bombones Eurochoc","robots":{"index":"index","follow":"follow","max-snippet":"max-snippet:-1","max-image-preview":"max-image-preview:large","max-video-preview":"max-video-preview:-1"},"canonical":"https:\/\/eurochoc.es\/en\/declaracion-de-accesibilidad\/","og_locale":"en_US","og_type":"article","og_title":"Accessibility statement - Bombones Eurochoc","og_description":"Eurochoc SL. undertakes to make its website accessible in accordance with Royal Decree 1112\/2018 on accessibility of public sector websites and applications for mobile devices. This accessibility statement applies to the eurochoc.es website. COMPLIANCE STATUS This website is partially compliant with RD 1112\/2018 due to the non-compliance of the aspects listed below. Content not accessible [...]Read More... from Accessibility statement","og_url":"https:\/\/eurochoc.es\/en\/declaracion-de-accesibilidad\/","og_site_name":"Bombones Eurochoc","article_publisher":"https:\/\/www.facebook.com\/EurochocBombones","article_modified_time":"2023-08-31T10:56:35+00:00","og_image":[{"width":1200,"height":675,"url":"https:\/\/eurochoc.es\/wp-content\/uploads\/2023\/08\/eurochoc.jpg","type":"image\/jpeg"}],"twitter_card":"summary_large_image","twitter_misc":{"Est. reading time":"2 minutes"},"schema":{"@context":"https:\/\/schema.org","@graph":[{"@type":"WebPage","@id":"https:\/\/eurochoc.es\/en\/declaracion-de-accesibilidad\/","url":"https:\/\/eurochoc.es\/en\/declaracion-de-accesibilidad\/","name":"Accessibility statement - Bombones Eurochoc","isPartOf":{"@id":"https:\/\/eurochoc.es\/en\/#website"},"datePublished":"2023-08-03T21:06:19+00:00","dateModified":"2023-08-31T10:56:35+00:00","breadcrumb":{"@id":"https:\/\/eurochoc.es\/en\/declaracion-de-accesibilidad\/#breadcrumb"},"inLanguage":"en-US","potentialAction":[{"@type":"ReadAction","target":["https:\/\/eurochoc.es\/en\/declaracion-de-accesibilidad\/"]}]},{"@type":"BreadcrumbList","@id":"https:\/\/eurochoc.es\/en\/declaracion-de-accesibilidad\/#breadcrumb","itemListElement":[{"@type":"ListItem","position":1,"name":"Portada","item":"https:\/\/eurochoc.es\/en\/inicio\/"},{"@type":"ListItem","position":2,"name":"Accessibility statement"}]},{"@type":"WebSite","@id":"https:\/\/eurochoc.es\/en\/#website","url":"https:\/\/eurochoc.es\/en\/","name":"Bombones Eurochoc","description":"Fabricaci\u00f3n de bombones con chocolate belga","publisher":{"@id":"https:\/\/eurochoc.es\/en\/#organization"},"alternateName":"Eurochoc","potentialAction":[{"@type":"SearchAction","target":{"@type":"EntryPoint","urlTemplate":"https:\/\/eurochoc.es\/en\/?s={search_term_string}"},"query-input":{"@type":"PropertyValueSpecification","valueRequired":true,"valueName":"search_term_string"}}],"inLanguage":"en-US"},{"@type":"Organization","@id":"https:\/\/eurochoc.es\/en\/#organization","name":"Eurochoc SL","alternateName":"Eurochoc","url":"https:\/\/eurochoc.es\/en\/","logo":{"@type":"ImageObject","inLanguage":"en-US","@id":"https:\/\/eurochoc.es\/en\/#\/schema\/logo\/image\/","url":"https:\/\/eurochoc.es\/wp-content\/uploads\/2023\/07\/logo-eurochoc.png","contentUrl":"https:\/\/eurochoc.es\/wp-content\/uploads\/2023\/07\/logo-eurochoc.png","width":107,"height":48,"caption":"Eurochoc SL"},"image":{"@id":"https:\/\/eurochoc.es\/en\/#\/schema\/logo\/image\/"},"sameAs":["https:\/\/www.facebook.com\/EurochocBombones","https:\/\/www.instagram.com\/eurochoc_choco\/"]}]}},"_links":{"self":[{"href":"https:\/\/eurochoc.es\/en\/wp-json\/wp\/v2\/pages\/11532","targetHints":{"allow":["GET"]}}],"collection":[{"href":"https:\/\/eurochoc.es\/en\/wp-json\/wp\/v2\/pages"}],"about":[{"href":"https:\/\/eurochoc.es\/en\/wp-json\/wp\/v2\/types\/page"}],"author":[{"embeddable":true,"href":"https:\/\/eurochoc.es\/en\/wp-json\/wp\/v2\/users\/1"}],"replies":[{"embeddable":true,"href":"https:\/\/eurochoc.es\/en\/wp-json\/wp\/v2\/comments?post=11532"}],"version-history":[{"count":1,"href":"https:\/\/eurochoc.es\/en\/wp-json\/wp\/v2\/pages\/11532\/revisions"}],"predecessor-version":[{"id":11533,"href":"https:\/\/eurochoc.es\/en\/wp-json\/wp\/v2\/pages\/11532\/revisions\/11533"}],"wp:attachment":[{"href":"https:\/\/eurochoc.es\/en\/wp-json\/wp\/v2\/media?parent=11532"}],"curies":[{"name":"wp","href":"https:\/\/api.w.org\/{rel}","templated":true}]}}